{"id":8833,"date":"2023-06-05T17:32:15","date_gmt":"2023-06-05T14:32:15","guid":{"rendered":"https:\/\/neomedipharma.com\/?post_type=product&#038;p=8833"},"modified":"2023-06-05T18:29:40","modified_gmt":"2023-06-05T15:29:40","slug":"boreade-cl-yuz-temizleme-kremi-200ml","status":"publish","type":"product","link":"https:\/\/neomedipharma.com\/en\/u\/boreade-cl-yuz-temizleme-kremi-200ml\/","title":{"rendered":"BOR\u00c9ADE CL Y\u00fcz Temizleme Kremi 200ml"},"content":{"rendered":"","protected":false},"excerpt":{"rendered":"<p>BOR\u00c9ADE CL Y\u00fcz Temizleme Kremi 200ml %96 Do\u011fal<br \/>\nKurumadan temizler, ar\u0131nd\u0131r\u0131r, cildi tahri\u015f etmeden fazla sebumu gidermeye yard\u0131mc\u0131 olur.<br \/>\nAnyonik ve iyonik olmayan y\u00fczey aktif maddeler, nemlendirici ajanlar, Lipid yenileyici ajanlar, S.M.A. kompleksi, Kinoa peptitleri<\/p>\n","protected":false},"featured_media":8834,"comment_status":"open","ping_status":"closed","template":"","meta":[],"product_cat":[226,20],"product_tag":[],"class_list":{"0":"post-8833","1":"product","2":"type-product","3":"status-publish","4":"has-post-thumbnail","6":"product_cat-acm","7":"product_cat-genel","9":"first","10":"instock","11":"shipping-taxable","12":"product-type-simple"},"_links":{"self":[{"href":"https:\/\/neomedipharma.com\/en\/wp-json\/wp\/v2\/product\/8833","targetHints":{"allow":["GET"]}}],"collection":[{"href":"https:\/\/neomedipharma.com\/en\/wp-json\/wp\/v2\/product"}],"about":[{"href":"https:\/\/neomedipharma.com\/en\/wp-json\/wp\/v2\/types\/product"}],"replies":[{"embeddable":true,"href":"https:\/\/neomedipharma.com\/en\/wp-json\/wp\/v2\/comments?post=8833"}],"version-history":[{"count":5,"href":"https:\/\/neomedipharma.com\/en\/wp-json\/wp\/v2\/product\/8833\/revisions"}],"predecessor-version":[{"id":8842,"href":"https:\/\/neomedipharma.com\/en\/wp-json\/wp\/v2\/product\/8833\/revisions\/8842"}],"wp:featuredmedia":[{"embeddable":true,"href":"https:\/\/neomedipharma.com\/en\/wp-json\/wp\/v2\/media\/8834"}],"wp:attachment":[{"href":"https:\/\/neomedipharma.com\/en\/wp-json\/wp\/v2\/media?parent=8833"}],"wp:term":[{"taxonomy":"product_cat","embeddable":true,"href":"https:\/\/neomedipharma.com\/en\/wp-json\/wp\/v2\/product_cat?post=8833"},{"taxonomy":"product_tag","embeddable":true,"href":"https:\/\/neomedipharma.com\/en\/wp-json\/wp\/v2\/product_tag?post=8833"}],"curies":[{"name":"wp","href":"https:\/\/api.w.org\/{rel}","templated":true}]}}