{"id":8587,"date":"2022-10-12T02:53:58","date_gmt":"2022-10-11T23:53:58","guid":{"rendered":"https:\/\/neomedipharma.com\/?post_type=product&#038;p=8587"},"modified":"2022-10-12T02:54:40","modified_gmt":"2022-10-11T23:54:40","slug":"delay-infinity-professional-kit","status":"publish","type":"product","link":"https:\/\/neomedipharma.com\/en\/u\/delay-infinity-professional-kit\/","title":{"rendered":"Delay Infinity Professional Kit"},"content":{"rendered":"","protected":false},"excerpt":{"rendered":"<p><strong>PROFESYONEL KULLANIM \u0130\u00c7\u0130ND\u0130R.<\/strong><\/p>\n<ul>\n<li><strong>Face Massage:\u00a0<\/strong>Cildi derinlemesine beslemek ve yenilemek amac\u0131yla y\u00fcz masaj\u0131 ile uygulanmak \u00fczere de\u011ferli bitkisel ya\u011flar i\u00e7erir.<\/li>\n<li><strong>Face Mask:\u00a0<\/strong>Erken ya\u015flanma belirtilerinin ortaya \u00e7\u0131kmas\u0131n\u0131 geciktirmeye yard\u0131mc\u0131 olmak i\u00e7in haz\u0131rlanm\u0131\u015f konsantrasyonla \u0131slat\u0131lm\u0131\u015f \u00f6zel bir bezdir.<\/li>\n<li><strong>Flawless Face:\u00a0<\/strong>Yeni bir nemlendirici kompleks, maskeden sonra kullan\u0131ld\u0131\u011f\u0131nda hemen s\u0131k\u0131la\u015fma etkisi sunar.<\/li>\n<li><strong>Day Cream:\u00a0<\/strong>Y\u00fcz cildini korur, ka\u00e7\u0131n\u0131lmaz ya\u015flanma belirtilerini geciktirmek i\u00e7in cildi esnetmeye ve rahatlatmaya yard\u0131mc\u0131 olur.<\/li>\n<\/ul>\n","protected":false},"featured_media":8588,"comment_status":"open","ping_status":"closed","template":"","meta":[],"product_cat":[73,206,72,120,119,143,118],"product_tag":[],"class_list":{"0":"post-8587","1":"product","2":"type-product","3":"status-publish","4":"has-post-thumbnail","6":"product_cat-profesyonel","7":"product_cat-delay-infinity-serisi","8":"product_cat-tuketici","9":"product_cat-urunler","10":"product_cat-vagheggi-tuketici","11":"product_cat-vagheggi-urunler","12":"product_cat-vagheggi","14":"first","15":"instock","16":"shipping-taxable","17":"product-type-simple"},"_links":{"self":[{"href":"https:\/\/neomedipharma.com\/en\/wp-json\/wp\/v2\/product\/8587","targetHints":{"allow":["GET"]}}],"collection":[{"href":"https:\/\/neomedipharma.com\/en\/wp-json\/wp\/v2\/product"}],"about":[{"href":"https:\/\/neomedipharma.com\/en\/wp-json\/wp\/v2\/types\/product"}],"replies":[{"embeddable":true,"href":"https:\/\/neomedipharma.com\/en\/wp-json\/wp\/v2\/comments?post=8587"}],"version-history":[{"count":1,"href":"https:\/\/neomedipharma.com\/en\/wp-json\/wp\/v2\/product\/8587\/revisions"}],"predecessor-version":[{"id":8589,"href":"https:\/\/neomedipharma.com\/en\/wp-json\/wp\/v2\/product\/8587\/revisions\/8589"}],"wp:featuredmedia":[{"embeddable":true,"href":"https:\/\/neomedipharma.com\/en\/wp-json\/wp\/v2\/media\/8588"}],"wp:attachment":[{"href":"https:\/\/neomedipharma.com\/en\/wp-json\/wp\/v2\/media?parent=8587"}],"wp:term":[{"taxonomy":"product_cat","embeddable":true,"href":"https:\/\/neomedipharma.com\/en\/wp-json\/wp\/v2\/product_cat?post=8587"},{"taxonomy":"product_tag","embeddable":true,"href":"https:\/\/neomedipharma.com\/en\/wp-json\/wp\/v2\/product_tag?post=8587"}],"curies":[{"name":"wp","href":"https:\/\/api.w.org\/{rel}","templated":true}]}}