{"id":8584,"date":"2022-10-12T02:51:45","date_gmt":"2022-10-11T23:51:45","guid":{"rendered":"https:\/\/neomedipharma.com\/?post_type=product&#038;p=8584"},"modified":"2022-10-12T02:52:55","modified_gmt":"2022-10-11T23:52:55","slug":"thema-purifying-body-scrub-1000-ml","status":"publish","type":"product","link":"https:\/\/neomedipharma.com\/en\/u\/thema-purifying-body-scrub-1000-ml\/","title":{"rendered":"Thema Purifying Body Scrub 1000 ml"},"content":{"rendered":"","protected":false},"excerpt":{"rendered":"<p><strong>PROFESYONEL KULLANIM \u0130\u00c7\u0130ND\u0130R.<\/strong><\/p>\n<p>Mineraller ile birle\u015ftirilmi\u015f domates ve su teresi \u00f6zleri cilde nazik\u00e7e peeling yapar ve ar\u0131nd\u0131r\u0131r. V\u00fccuda uygulay\u0131n ve peeling masaj\u0131yla devam edin; plastik ile sar\u0131n ve durulamadan \u00f6nce 20 dakika bekletin.<\/p>\n","protected":false},"featured_media":8585,"comment_status":"open","ping_status":"closed","template":"","meta":[],"product_cat":[73,210,72,120,143,118,119],"product_tag":[],"class_list":{"0":"post-8584","1":"product","2":"type-product","3":"status-publish","4":"has-post-thumbnail","6":"product_cat-profesyonel","7":"product_cat-spa-beauty-serisi","8":"product_cat-tuketici","9":"product_cat-urunler","10":"product_cat-vagheggi-urunler","11":"product_cat-vagheggi","12":"product_cat-vagheggi-tuketici","14":"first","15":"instock","16":"shipping-taxable","17":"product-type-simple"},"_links":{"self":[{"href":"https:\/\/neomedipharma.com\/en\/wp-json\/wp\/v2\/product\/8584","targetHints":{"allow":["GET"]}}],"collection":[{"href":"https:\/\/neomedipharma.com\/en\/wp-json\/wp\/v2\/product"}],"about":[{"href":"https:\/\/neomedipharma.com\/en\/wp-json\/wp\/v2\/types\/product"}],"replies":[{"embeddable":true,"href":"https:\/\/neomedipharma.com\/en\/wp-json\/wp\/v2\/comments?post=8584"}],"version-history":[{"count":1,"href":"https:\/\/neomedipharma.com\/en\/wp-json\/wp\/v2\/product\/8584\/revisions"}],"predecessor-version":[{"id":8586,"href":"https:\/\/neomedipharma.com\/en\/wp-json\/wp\/v2\/product\/8584\/revisions\/8586"}],"wp:featuredmedia":[{"embeddable":true,"href":"https:\/\/neomedipharma.com\/en\/wp-json\/wp\/v2\/media\/8585"}],"wp:attachment":[{"href":"https:\/\/neomedipharma.com\/en\/wp-json\/wp\/v2\/media?parent=8584"}],"wp:term":[{"taxonomy":"product_cat","embeddable":true,"href":"https:\/\/neomedipharma.com\/en\/wp-json\/wp\/v2\/product_cat?post=8584"},{"taxonomy":"product_tag","embeddable":true,"href":"https:\/\/neomedipharma.com\/en\/wp-json\/wp\/v2\/product_tag?post=8584"}],"curies":[{"name":"wp","href":"https:\/\/api.w.org\/{rel}","templated":true}]}}