{"id":8568,"date":"2022-10-12T02:34:01","date_gmt":"2022-10-11T23:34:01","guid":{"rendered":"https:\/\/neomedipharma.com\/?post_type=product&#038;p=8568"},"modified":"2022-10-12T02:36:47","modified_gmt":"2022-10-11T23:36:47","slug":"body-mousse-display-kit-6x3","status":"publish","type":"product","link":"https:\/\/neomedipharma.com\/en\/u\/body-mousse-display-kit-6x3\/","title":{"rendered":"Body Mousse Display Kit 6&#215;3"},"content":{"rendered":"","protected":false},"excerpt":{"rendered":"<p>En hassas olanlar dahil, t\u00fcm cilt tiplerinin ihtiya\u00e7lar\u0131n\u0131 kar\u015f\u0131layan, nemlendirici, besleyici ve rahatlat\u0131c\u0131 \u00fc\u00e7 versiyon. K\u00f6p\u00fck gibi kaplayan ve serum gibi hafif, tatillerden sonra g\u00fcne\u015fe ve r\u00fczgara maruz kald\u0131ktan sonra sussuz kalan ve kurayan cilt i\u00e7in m\u00fckemmel. Yumu\u015fakl\u0131k hissi ve an\u0131nda rahatl\u0131k sunan yeni bir duyusal deneyim, kadifemsi bir yumu\u015fakl\u0131k, mat bir etki. H\u0131zla emilir\u00a0b\u00f6ylece ya\u011fl\u0131 veya lekeli giysiler i\u00e7in endi\u015felenmenize gerek kalmadan hemen giyinebilirsiniz. Etkinli\u011fi ve konforu birle\u015ftirerek b\u00fcy\u00fck alanlar\u0131 kaplamak i\u00e7in yaln\u0131zca k\u00fc\u00e7\u00fck bir miktar \u00fcr\u00fcne ihtiya\u00e7 duyulur.<\/p>\n<h6><strong><em>Miss Energy Besleyici V\u00fccut K\u00f6p\u00fc\u011f\u00fc<\/em><\/strong><\/h6>\n<p><em>So\u011fuk preslenmi\u015f Crambe abyssinica tohumlar\u0131ndan elde edilen ya\u011f ile zenginle\u015ftirilmi\u015ftir. Afrika savanlar\u0131nda bulunan son derece zorlu bitki b\u00fcy\u00fcd\u00fc\u011f\u00fc topra\u011fa besleyici maddeler salar; tohumlar\u0131ndan \u00e7\u0131kart\u0131lan ya\u011f cilde de\u011ferli bile\u015fikler sa\u011flar. Elastiklik ve canl\u0131l\u0131\u011f\u0131 sa\u011flamak i\u00e7in idealdir. Canl\u0131 limonsu notalar, bir yaz gecesini an\u0131msanan taze kokular yayarak, cilde kar\u0131\u015f\u0131r.<\/em><\/p>\n<h6><strong><em>Miss Calm\u00a0<\/em><em>Rahatlat\u0131c\u0131\u00a0<\/em><em>V\u00fccut K\u00f6p\u00fc\u011f\u00fc<\/em><\/strong><\/h6>\n<p><em>Rahatlat\u0131c\u0131, koruyucu ve antioksidan \u00f6zelliklere sahip Vaccinium myrtillus (yaban mersini) \u00f6z\u00fc ile zenginle\u015ftirilmi\u015f bu k\u00f6p\u00fck, cildi en duyarl\u0131 ve k\u0131r\u0131lgan oldu\u011fu ve k\u0131r\u0131lganl\u0131k ya\u015fad\u0131\u011f\u0131 anda rahatlat\u0131r.\u00a0 A\u00e7\u0131l\u0131\u015f\u0131 yapan kucaklay\u0131c\u0131 kokular\u0131n \u00e7i\u00e7eksi notalar\u0131 yerini vanilya \u00e7ubuklar\u0131n\u0131n izlerine ve miskin safl\u0131\u011f\u0131na b\u0131rak\u0131r.<\/em><\/p>\n<h6><strong><em>Miss Hydra Nemlendirici V\u00fccut K\u00f6p\u00fc\u011f\u00fc<\/em><\/strong><\/h6>\n<p><em>Koruyucu ve yumu\u015fat\u0131c\u0131 \u00f6zelliklere sahip\u00a0<\/em><em>Hamamelis virginiana<\/em><em>\u00a0(cad\u0131 f\u0131nd\u0131\u011f\u0131) \u00f6z\u00fc i\u00e7eren bu k\u00f6p\u00fck daha fazla nem ihtiyac\u0131 olan ciltler i\u00e7in idealdir. K\u0131rm\u0131z\u0131 meyveler ve narenciyeler kar\u0131\u015f\u0131m\u0131,\u00a0<\/em><em>tazeleyici okalipt\u00fcs ve odunsu notalar\u0131n\u00a0<\/em><em>kucaklayan s\u0131cakl\u0131\u011f\u0131n\u0131 yava\u015f\u00e7a a\u00e7\u0131\u011fa \u00e7\u0131kar\u0131r.\u00a0<\/em><\/p>\n<h5><em>Body Mousse Display Kit \u0130\u00e7erikler<\/em><\/h5>\n<p><em><strong>Shea Ya\u011f\u0131:\u00a0<\/strong><\/em>Bat\u0131 Afrika savanalar\u0131nda b\u00fcy\u00fcyen shea a\u011fac\u0131 tohumlar\u0131ndan elde edilir. Yumu\u015fat\u0131c\u0131, besleyici ve nemlendiricidir. \u0130\u00e7erdi\u011fi E, A ve D vitaminleri sayesinde antioksidan \u00f6zelliklere sahiptir.<\/p>\n<p><em><strong>E Vitamini:\u00a0<\/strong><\/em>Tokoferil asetat, antioksidan \u00f6zelli\u011fi bulunmaktad\u0131r.<\/p>\n<p><strong><em>Tatl\u0131 Badem Ya\u011f\u0131:<\/em>\u00a0<\/strong>Badem a\u011fac\u0131n\u0131n meyvesinin so\u011fuk preslenmesiyle elde edilir: ya\u011f y\u00fcksek doymam\u0131\u015f ve poli doymam\u0131\u015f ya\u011f asitleri y\u00fczdesi i\u00e7erir ve E ve B vitaminleri, proteinler, glusidler ve mineral tuzlar\u0131 bak\u0131m\u0131ndan zengindir. Cilt ya\u015flanmas\u0131na kar\u015f\u0131 etkin koruma sa\u011flar.<\/p>\n<p><em><strong>Aloe Vera Suyu:\u00a0<\/strong><\/em>Keratinle\u015ftirici, yumu\u015fat\u0131c\u0131 ve nemlendirici \u00f6zelliklerle aktif bile\u015fikler konsantresi.<\/p>\n","protected":false},"featured_media":8569,"comment_status":"open","ping_status":"closed","template":"","meta":[],"product_cat":[73,210,72,120,119,143,118],"product_tag":[],"class_list":{"0":"post-8568","1":"product","2":"type-product","3":"status-publish","4":"has-post-thumbnail","6":"product_cat-profesyonel","7":"product_cat-spa-beauty-serisi","8":"product_cat-tuketici","9":"product_cat-urunler","10":"product_cat-vagheggi-tuketici","11":"product_cat-vagheggi-urunler","12":"product_cat-vagheggi","14":"first","15":"instock","16":"shipping-taxable","17":"product-type-simple"},"_links":{"self":[{"href":"https:\/\/neomedipharma.com\/en\/wp-json\/wp\/v2\/product\/8568","targetHints":{"allow":["GET"]}}],"collection":[{"href":"https:\/\/neomedipharma.com\/en\/wp-json\/wp\/v2\/product"}],"about":[{"href":"https:\/\/neomedipharma.com\/en\/wp-json\/wp\/v2\/types\/product"}],"replies":[{"embeddable":true,"href":"https:\/\/neomedipharma.com\/en\/wp-json\/wp\/v2\/comments?post=8568"}],"version-history":[{"count":2,"href":"https:\/\/neomedipharma.com\/en\/wp-json\/wp\/v2\/product\/8568\/revisions"}],"predecessor-version":[{"id":8571,"href":"https:\/\/neomedipharma.com\/en\/wp-json\/wp\/v2\/product\/8568\/revisions\/8571"}],"wp:featuredmedia":[{"embeddable":true,"href":"https:\/\/neomedipharma.com\/en\/wp-json\/wp\/v2\/media\/8569"}],"wp:attachment":[{"href":"https:\/\/neomedipharma.com\/en\/wp-json\/wp\/v2\/media?parent=8568"}],"wp:term":[{"taxonomy":"product_cat","embeddable":true,"href":"https:\/\/neomedipharma.com\/en\/wp-json\/wp\/v2\/product_cat?post=8568"},{"taxonomy":"product_tag","embeddable":true,"href":"https:\/\/neomedipharma.com\/en\/wp-json\/wp\/v2\/product_tag?post=8568"}],"curies":[{"name":"wp","href":"https:\/\/api.w.org\/{rel}","templated":true}]}}