{"id":8565,"date":"2022-10-12T02:30:23","date_gmt":"2022-10-11T23:30:23","guid":{"rendered":"https:\/\/neomedipharma.com\/?post_type=product&#038;p=8565"},"modified":"2022-10-12T02:31:22","modified_gmt":"2022-10-11T23:31:22","slug":"post-recovery-cream-500-ml","status":"publish","type":"product","link":"https:\/\/neomedipharma.com\/en\/u\/post-recovery-cream-500-ml\/","title":{"rendered":"POST Recovery Cream 500 ml"},"content":{"rendered":"","protected":false},"excerpt":{"rendered":"<p><strong>PROFESYONEL KULLANIM \u0130\u00c7\u0130ND\u0130R.<\/strong><\/p>\n<p>Nemlendirmeye ve yenilemeye yard\u0131mc\u0131 bak\u0131m kremi. B\u00fcy\u00fck bir \u00f6zenle cildin\u00a0hassasiyetini hidrate ederek, cilt yenileme bak\u0131m i\u015flemlerini destekler.<\/p>\n<p><strong>POST Recovery Krem \u0130\u00e7erik:<\/strong><\/p>\n<ul>\n<li>Hyaluronik asit<\/li>\n<li>Niasinamid<\/li>\n<li>Laktobiyonik asit<\/li>\n<li>Glisiretinik asit<\/li>\n<\/ul>\n","protected":false},"featured_media":8566,"comment_status":"open","ping_status":"closed","template":"","meta":[],"product_cat":[73,191,110,111,139,72,120],"product_tag":[],"class_list":{"0":"post-8565","1":"product","2":"type-product","3":"status-publish","4":"has-post-thumbnail","6":"product_cat-profesyonel","7":"product_cat-onarici-kremler","8":"product_cat-phformula","9":"product_cat-phformula-tuketici","10":"product_cat-phformula-urunler","11":"product_cat-tuketici","12":"product_cat-urunler","14":"first","15":"instock","16":"shipping-taxable","17":"product-type-simple"},"_links":{"self":[{"href":"https:\/\/neomedipharma.com\/en\/wp-json\/wp\/v2\/product\/8565","targetHints":{"allow":["GET"]}}],"collection":[{"href":"https:\/\/neomedipharma.com\/en\/wp-json\/wp\/v2\/product"}],"about":[{"href":"https:\/\/neomedipharma.com\/en\/wp-json\/wp\/v2\/types\/product"}],"replies":[{"embeddable":true,"href":"https:\/\/neomedipharma.com\/en\/wp-json\/wp\/v2\/comments?post=8565"}],"version-history":[{"count":1,"href":"https:\/\/neomedipharma.com\/en\/wp-json\/wp\/v2\/product\/8565\/revisions"}],"predecessor-version":[{"id":8567,"href":"https:\/\/neomedipharma.com\/en\/wp-json\/wp\/v2\/product\/8565\/revisions\/8567"}],"wp:featuredmedia":[{"embeddable":true,"href":"https:\/\/neomedipharma.com\/en\/wp-json\/wp\/v2\/media\/8566"}],"wp:attachment":[{"href":"https:\/\/neomedipharma.com\/en\/wp-json\/wp\/v2\/media?parent=8565"}],"wp:term":[{"taxonomy":"product_cat","embeddable":true,"href":"https:\/\/neomedipharma.com\/en\/wp-json\/wp\/v2\/product_cat?post=8565"},{"taxonomy":"product_tag","embeddable":true,"href":"https:\/\/neomedipharma.com\/en\/wp-json\/wp\/v2\/product_tag?post=8565"}],"curies":[{"name":"wp","href":"https:\/\/api.w.org\/{rel}","templated":true}]}}