{"id":8558,"date":"2022-10-12T02:13:00","date_gmt":"2022-10-11T23:13:00","guid":{"rendered":"https:\/\/neomedipharma.com\/?post_type=product&#038;p=8558"},"modified":"2022-10-12T02:15:29","modified_gmt":"2022-10-11T23:15:29","slug":"tds-firming","status":"publish","type":"product","link":"https:\/\/neomedipharma.com\/en\/u\/tds-firming\/","title":{"rendered":"TDS Firming"},"content":{"rendered":"","protected":false},"excerpt":{"rendered":"<p><strong>PROFESYONEL KULLANIM \u0130\u00c7\u0130ND\u0130R.<\/strong><\/p>\n<p>T\u00fcm cilt tipleri i\u00e7in ayd\u0131nlat\u0131c\u0131, yenileyici, canland\u0131r\u0131c\u0131 sol\u00fcsyon. 11 adet g\u00fc\u00e7l\u00fc bile\u015fen en \u00fcst d\u00fczeyde yenileme etkisi yaratmak i\u00e7in benzersiz \u015fekilde bir araya getirildi. TDS Firming yenileme bak\u0131m\u0131 boyun ve dekolte b\u00f6lgelerinden ba\u015flayarak ya\u015flanmayla belirtilerinin \u00f6nlenmesine olanak veren \u00fcst\u00fcn bir bak\u0131md\u0131r.<\/p>\n<p><strong>TDS\u00a0Firming Firming \u0130\u00e7erikler:<\/strong><\/p>\n<ul>\n<li>Pir\u00fcvik Asit<\/li>\n<li>Hyaluronik Asit<\/li>\n<\/ul>\n","protected":false},"featured_media":8559,"comment_status":"open","ping_status":"closed","template":"","meta":[],"product_cat":[73,185,111,139,110,72,120],"product_tag":[],"class_list":{"0":"post-8558","1":"product","2":"type-product","3":"status-publish","4":"has-post-thumbnail","6":"product_cat-profesyonel","7":"product_cat-aydinlatma-urunleri","8":"product_cat-phformula-tuketici","9":"product_cat-phformula-urunler","10":"product_cat-phformula","11":"product_cat-tuketici","12":"product_cat-urunler","14":"first","15":"instock","16":"shipping-taxable","17":"product-type-simple"},"_links":{"self":[{"href":"https:\/\/neomedipharma.com\/en\/wp-json\/wp\/v2\/product\/8558","targetHints":{"allow":["GET"]}}],"collection":[{"href":"https:\/\/neomedipharma.com\/en\/wp-json\/wp\/v2\/product"}],"about":[{"href":"https:\/\/neomedipharma.com\/en\/wp-json\/wp\/v2\/types\/product"}],"replies":[{"embeddable":true,"href":"https:\/\/neomedipharma.com\/en\/wp-json\/wp\/v2\/comments?post=8558"}],"version-history":[{"count":1,"href":"https:\/\/neomedipharma.com\/en\/wp-json\/wp\/v2\/product\/8558\/revisions"}],"predecessor-version":[{"id":8560,"href":"https:\/\/neomedipharma.com\/en\/wp-json\/wp\/v2\/product\/8558\/revisions\/8560"}],"wp:featuredmedia":[{"embeddable":true,"href":"https:\/\/neomedipharma.com\/en\/wp-json\/wp\/v2\/media\/8559"}],"wp:attachment":[{"href":"https:\/\/neomedipharma.com\/en\/wp-json\/wp\/v2\/media?parent=8558"}],"wp:term":[{"taxonomy":"product_cat","embeddable":true,"href":"https:\/\/neomedipharma.com\/en\/wp-json\/wp\/v2\/product_cat?post=8558"},{"taxonomy":"product_tag","embeddable":true,"href":"https:\/\/neomedipharma.com\/en\/wp-json\/wp\/v2\/product_tag?post=8558"}],"curies":[{"name":"wp","href":"https:\/\/api.w.org\/{rel}","templated":true}]}}