{"id":8556,"date":"2022-10-12T02:11:35","date_gmt":"2022-10-11T23:11:35","guid":{"rendered":"https:\/\/neomedipharma.com\/?post_type=product&#038;p=8556"},"modified":"2022-10-12T02:15:53","modified_gmt":"2022-10-11T23:15:53","slug":"lip-hydrate-spf-15-25-ml","status":"publish","type":"product","link":"https:\/\/neomedipharma.com\/en\/u\/lip-hydrate-spf-15-25-ml\/","title":{"rendered":"Lip Hydrate SPF 15 2,5 ml"},"content":{"rendered":"","protected":false},"excerpt":{"rendered":"<p>Nem y\u00f6n\u00fcnden zenginle\u015ftirilmi\u015f, g\u00fcne\u015f koruma fakt\u00f6rl\u00fc L.I.P. Hydrate, kurumu\u015f dudaklar\u0131 yumu\u015fatmaya ve bak\u0131m\u0131n\u0131n yap\u0131lmas\u0131na yard\u0131mc\u0131 olur.<\/p>\n<p><strong>Lip Hydrate SPF 15 \u0130\u00e7erikler:<\/strong><\/p>\n<ul>\n<li>Shea Ya\u011f\u0131<\/li>\n<li>Kaprilik\/ Kaprik Trigliserit<\/li>\n<li>UVA ve UVB filtreleri<\/li>\n<\/ul>\n<h2>Lip Hydrate SPF 15\u00a0Kullan\u0131m\u0131:<\/h2>\n<p>Yeterli miktarda \u00fcr\u00fcn\u00fc dudaklar\u0131n\u0131za uygulay\u0131n. Dudak b\u00f6lgenizde g\u00fcne\u015f kremi olarak kullanmak i\u00e7in g\u00fcne\u015fe maruz kalmadan 15 dakika\u00a0 \u00f6nce dudaklar\u0131n\u0131za uygulay\u0131n. Gerekti\u011finde yenileyin.<\/p>\n","protected":false},"featured_media":8561,"comment_status":"open","ping_status":"closed","template":"","meta":[],"product_cat":[73,139,110,111,72,120,186],"product_tag":[],"class_list":{"0":"post-8556","1":"product","2":"type-product","3":"status-publish","4":"has-post-thumbnail","6":"product_cat-profesyonel","7":"product_cat-phformula-urunler","8":"product_cat-phformula","9":"product_cat-phformula-tuketici","10":"product_cat-tuketici","11":"product_cat-urunler","12":"product_cat-vucut-el-boyun-ve-dudak-serisi","14":"first","15":"instock","16":"shipping-taxable","17":"product-type-simple"},"_links":{"self":[{"href":"https:\/\/neomedipharma.com\/en\/wp-json\/wp\/v2\/product\/8556","targetHints":{"allow":["GET"]}}],"collection":[{"href":"https:\/\/neomedipharma.com\/en\/wp-json\/wp\/v2\/product"}],"about":[{"href":"https:\/\/neomedipharma.com\/en\/wp-json\/wp\/v2\/types\/product"}],"replies":[{"embeddable":true,"href":"https:\/\/neomedipharma.com\/en\/wp-json\/wp\/v2\/comments?post=8556"}],"version-history":[{"count":1,"href":"https:\/\/neomedipharma.com\/en\/wp-json\/wp\/v2\/product\/8556\/revisions"}],"predecessor-version":[{"id":8557,"href":"https:\/\/neomedipharma.com\/en\/wp-json\/wp\/v2\/product\/8556\/revisions\/8557"}],"wp:featuredmedia":[{"embeddable":true,"href":"https:\/\/neomedipharma.com\/en\/wp-json\/wp\/v2\/media\/8561"}],"wp:attachment":[{"href":"https:\/\/neomedipharma.com\/en\/wp-json\/wp\/v2\/media?parent=8556"}],"wp:term":[{"taxonomy":"product_cat","embeddable":true,"href":"https:\/\/neomedipharma.com\/en\/wp-json\/wp\/v2\/product_cat?post=8556"},{"taxonomy":"product_tag","embeddable":true,"href":"https:\/\/neomedipharma.com\/en\/wp-json\/wp\/v2\/product_tag?post=8556"}],"curies":[{"name":"wp","href":"https:\/\/api.w.org\/{rel}","templated":true}]}}