{"id":8552,"date":"2022-10-12T02:05:44","date_gmt":"2022-10-11T23:05:44","guid":{"rendered":"https:\/\/neomedipharma.com\/?post_type=product&#038;p=8552"},"modified":"2022-10-12T02:11:12","modified_gmt":"2022-10-11T23:11:12","slug":"foam-cleanse-150-ml","status":"publish","type":"product","link":"https:\/\/neomedipharma.com\/en\/u\/foam-cleanse-150-ml\/","title":{"rendered":"FOAM Cleanse 150 ml"},"content":{"rendered":"","protected":false},"excerpt":{"rendered":"<p>Hassas ve etkili temizlik i\u00e7in yumu\u015fak k\u00f6p\u00fck k\u0131vam\u0131na d\u00f6n\u00fc\u015fen, s\u0131v\u0131 temizleyici. T\u00fcm cilt tiplerinde kullan\u0131lmaya uygundur. FOAM cleanse, cildi kent kirlili\u011fine kar\u015f\u0131 koruyarak makyaj ve art\u0131klar\u0131 etkili bir \u015fekilde ar\u0131nd\u0131rmaya yard\u0131mc\u0131d\u0131r. Bu form\u00fclasyon, sa\u011fl\u0131kl\u0131 bir denge sa\u011flamak i\u00e7in kullan\u0131l\u0131r.<\/p>\n<p><strong>FOAM Cleanse \u0130\u00e7erikler:<\/strong><\/p>\n<ul>\n<li>Aktif Mineral Kompleks<\/li>\n<li>Bisabolol<\/li>\n<li>D-pantenol<\/li>\n<\/ul>\n<h2>FOAM Cleanse\u00a0Kullan\u0131m\u0131:<\/h2>\n<p>Nemli cilde sabah ve ak\u015fam uygulay\u0131n. Su ile durulay\u0131n. \u00c7alkalamay\u0131n.<\/p>\n","protected":false},"featured_media":8554,"comment_status":"open","ping_status":"closed","template":"","meta":[],"product_cat":[73,177,139,110,111,72,120],"product_tag":[],"class_list":{"0":"post-8552","1":"product","2":"type-product","3":"status-publish","4":"has-post-thumbnail","6":"product_cat-profesyonel","7":"product_cat-cilt-temizleyici-ve-tonik","8":"product_cat-phformula-urunler","9":"product_cat-phformula","10":"product_cat-phformula-tuketici","11":"product_cat-tuketici","12":"product_cat-urunler","14":"first","15":"instock","16":"shipping-taxable","17":"product-type-simple"},"_links":{"self":[{"href":"https:\/\/neomedipharma.com\/en\/wp-json\/wp\/v2\/product\/8552","targetHints":{"allow":["GET"]}}],"collection":[{"href":"https:\/\/neomedipharma.com\/en\/wp-json\/wp\/v2\/product"}],"about":[{"href":"https:\/\/neomedipharma.com\/en\/wp-json\/wp\/v2\/types\/product"}],"replies":[{"embeddable":true,"href":"https:\/\/neomedipharma.com\/en\/wp-json\/wp\/v2\/comments?post=8552"}],"version-history":[{"count":1,"href":"https:\/\/neomedipharma.com\/en\/wp-json\/wp\/v2\/product\/8552\/revisions"}],"predecessor-version":[{"id":8553,"href":"https:\/\/neomedipharma.com\/en\/wp-json\/wp\/v2\/product\/8552\/revisions\/8553"}],"wp:featuredmedia":[{"embeddable":true,"href":"https:\/\/neomedipharma.com\/en\/wp-json\/wp\/v2\/media\/8554"}],"wp:attachment":[{"href":"https:\/\/neomedipharma.com\/en\/wp-json\/wp\/v2\/media?parent=8552"}],"wp:term":[{"taxonomy":"product_cat","embeddable":true,"href":"https:\/\/neomedipharma.com\/en\/wp-json\/wp\/v2\/product_cat?post=8552"},{"taxonomy":"product_tag","embeddable":true,"href":"https:\/\/neomedipharma.com\/en\/wp-json\/wp\/v2\/product_tag?post=8552"}],"curies":[{"name":"wp","href":"https:\/\/api.w.org\/{rel}","templated":true}]}}