{"id":8545,"date":"2022-10-12T01:35:16","date_gmt":"2022-10-11T22:35:16","guid":{"rendered":"https:\/\/neomedipharma.com\/?post_type=product&#038;p=8545"},"modified":"2022-10-12T02:10:15","modified_gmt":"2022-10-11T23:10:15","slug":"cellbooster-glow","status":"publish","type":"product","link":"https:\/\/neomedipharma.com\/en\/u\/cellbooster-glow\/","title":{"rendered":"Cellbooster Glow"},"content":{"rendered":"","protected":false},"excerpt":{"rendered":"<h6><strong><em>Hyaluronik Asit Yeniden Canland\u0131rma Kompleksi<\/em><\/strong><\/h6>\n<p>A\u015f\u0131r\u0131 pigmentle\u015fmeyi azaltan ve oksidatif stresle m\u00fccadele eden besleme, nemlendirme ve derin hidrasyon. Cilde yap\u0131sal b\u00fct\u00fcnl\u00fc\u011f\u00fcn\u00fc geri verir, serbest radikalleri n\u00f6tralize eder ve keratosis etkilerini azalt\u0131r. A\u015f\u0131r\u0131 pigmentle\u015fmenin azalmas\u0131na, cilt renginin iyile\u015ftirilmesine yard\u0131mc\u0131 olur. Derinlemesine nemlendirilmi\u015f ve ortam\u0131n y\u0131prat\u0131c\u0131 etkilerine kar\u015f\u0131 korunmu\u015f bir cilt sa\u011flar.<\/p>\n<h5>Cellbooster Glow \u0130\u00e7erikler:<\/h5>\n<ul>\n<li>Hyaluronik Asit (18 mg)<\/li>\n<li>Vitaminler: Sodyum Askorbil Fosfat (C), Biyotin<\/li>\n<li>Amino Asitler: Sistein, Glutatyon, Glisin, Lizin, Prolin, Valin<\/li>\n<\/ul>\n<p><strong><em>Endikasyonlar:<\/em><\/strong><\/p>\n<ul>\n<li>A\u015f\u0131r\u0131 pigmentle\u015fme<\/li>\n<li>Ya\u015flanma ba\u015flang\u0131c\u0131 (ince \u00e7izgiler ve k\u0131r\u0131\u015f\u0131kl\u0131klar)<\/li>\n<li>Cilt kurulu\u011fu<\/li>\n<li>G\u00fcne\u015ften zarar g\u00f6rm\u00fc\u015f ve \u00e7evresel risklere maruz kalm\u0131\u015f cilt<\/li>\n<li>De\u011fi\u015fken cilt rengi<\/li>\n<\/ul>\n","protected":false},"featured_media":8546,"comment_status":"open","ping_status":"closed","template":"","meta":[],"product_cat":[73,92,130,120],"product_tag":[],"class_list":{"0":"post-8545","1":"product","2":"type-product","3":"status-publish","4":"has-post-thumbnail","6":"product_cat-profesyonel","7":"product_cat-suisselle","8":"product_cat-suisselle-urunler","9":"product_cat-urunler","11":"first","12":"instock","13":"shipping-taxable","14":"product-type-simple"},"_links":{"self":[{"href":"https:\/\/neomedipharma.com\/en\/wp-json\/wp\/v2\/product\/8545","targetHints":{"allow":["GET"]}}],"collection":[{"href":"https:\/\/neomedipharma.com\/en\/wp-json\/wp\/v2\/product"}],"about":[{"href":"https:\/\/neomedipharma.com\/en\/wp-json\/wp\/v2\/types\/product"}],"replies":[{"embeddable":true,"href":"https:\/\/neomedipharma.com\/en\/wp-json\/wp\/v2\/comments?post=8545"}],"version-history":[{"count":1,"href":"https:\/\/neomedipharma.com\/en\/wp-json\/wp\/v2\/product\/8545\/revisions"}],"predecessor-version":[{"id":8547,"href":"https:\/\/neomedipharma.com\/en\/wp-json\/wp\/v2\/product\/8545\/revisions\/8547"}],"wp:featuredmedia":[{"embeddable":true,"href":"https:\/\/neomedipharma.com\/en\/wp-json\/wp\/v2\/media\/8546"}],"wp:attachment":[{"href":"https:\/\/neomedipharma.com\/en\/wp-json\/wp\/v2\/media?parent=8545"}],"wp:term":[{"taxonomy":"product_cat","embeddable":true,"href":"https:\/\/neomedipharma.com\/en\/wp-json\/wp\/v2\/product_cat?post=8545"},{"taxonomy":"product_tag","embeddable":true,"href":"https:\/\/neomedipharma.com\/en\/wp-json\/wp\/v2\/product_tag?post=8545"}],"curies":[{"name":"wp","href":"https:\/\/api.w.org\/{rel}","templated":true}]}}