{"id":8542,"date":"2022-10-12T01:33:54","date_gmt":"2022-10-11T22:33:54","guid":{"rendered":"https:\/\/neomedipharma.com\/?post_type=product&#038;p=8542"},"modified":"2022-10-12T02:10:10","modified_gmt":"2022-10-11T23:10:10","slug":"cellbooster-shape","status":"publish","type":"product","link":"https:\/\/neomedipharma.com\/en\/u\/cellbooster-shape\/","title":{"rendered":"Cellbooster Shape"},"content":{"rendered":"","protected":false},"excerpt":{"rendered":"<h6><strong><em>Hyaluronik Asit Yeniden \u015eekillendirme Kompleksi<\/em><\/strong><\/h6>\n<p>B\u00f6lgesel ya\u011f birikimini, su toplamay\u0131 ve \u015fi\u015fkinli\u011fi azalt\u0131r. K\u0131lcal damar kan dola\u015f\u0131m\u0131n\u0131 iyile\u015ftirir. B\u00f6lgesel ya\u011flanma ve g\u0131d\u0131n\u0131n azalmas\u0131, \u00f6demin azalmas\u0131 ve lenfatik drenaja yard\u0131mc\u0131 olur.<\/p>\n<h5>Cellbooster Shape \u0130\u00e7erikler:<\/h5>\n<ul>\n<li>Hyaluronik Asit (18 mg)<\/li>\n<li>Vitaminler: Sodyum Askorbil Fosfat (C)<\/li>\n<li>L- Karnitin<\/li>\n<\/ul>\n<p><strong><em>Endikasyonlar:<\/em><\/strong><\/p>\n<ul>\n<li>B\u00f6lgesel ya\u011f birikimi<\/li>\n<li>Cilt sarkmas\u0131, g\u0131d\u0131<\/li>\n<li>Tombul yanaklar<\/li>\n<li>Sel\u00fclit<\/li>\n<li>Su Toplama<\/li>\n<li>\u015ei\u015fkinlik, \u00f6dem<\/li>\n<\/ul>\n","protected":false},"featured_media":8543,"comment_status":"open","ping_status":"closed","template":"","meta":[],"product_cat":[73,130,92,120],"product_tag":[],"class_list":{"0":"post-8542","1":"product","2":"type-product","3":"status-publish","4":"has-post-thumbnail","6":"product_cat-profesyonel","7":"product_cat-suisselle-urunler","8":"product_cat-suisselle","9":"product_cat-urunler","11":"first","12":"instock","13":"shipping-taxable","14":"product-type-simple"},"_links":{"self":[{"href":"https:\/\/neomedipharma.com\/en\/wp-json\/wp\/v2\/product\/8542","targetHints":{"allow":["GET"]}}],"collection":[{"href":"https:\/\/neomedipharma.com\/en\/wp-json\/wp\/v2\/product"}],"about":[{"href":"https:\/\/neomedipharma.com\/en\/wp-json\/wp\/v2\/types\/product"}],"replies":[{"embeddable":true,"href":"https:\/\/neomedipharma.com\/en\/wp-json\/wp\/v2\/comments?post=8542"}],"version-history":[{"count":2,"href":"https:\/\/neomedipharma.com\/en\/wp-json\/wp\/v2\/product\/8542\/revisions"}],"predecessor-version":[{"id":8555,"href":"https:\/\/neomedipharma.com\/en\/wp-json\/wp\/v2\/product\/8542\/revisions\/8555"}],"wp:featuredmedia":[{"embeddable":true,"href":"https:\/\/neomedipharma.com\/en\/wp-json\/wp\/v2\/media\/8543"}],"wp:attachment":[{"href":"https:\/\/neomedipharma.com\/en\/wp-json\/wp\/v2\/media?parent=8542"}],"wp:term":[{"taxonomy":"product_cat","embeddable":true,"href":"https:\/\/neomedipharma.com\/en\/wp-json\/wp\/v2\/product_cat?post=8542"},{"taxonomy":"product_tag","embeddable":true,"href":"https:\/\/neomedipharma.com\/en\/wp-json\/wp\/v2\/product_tag?post=8542"}],"curies":[{"name":"wp","href":"https:\/\/api.w.org\/{rel}","templated":true}]}}