{"id":8536,"date":"2022-10-12T01:14:27","date_gmt":"2022-10-11T22:14:27","guid":{"rendered":"https:\/\/neomedipharma.com\/?post_type=product&#038;p=8536"},"modified":"2022-10-12T02:09:56","modified_gmt":"2022-10-11T23:09:56","slug":"cellbooster-hair","status":"publish","type":"product","link":"https:\/\/neomedipharma.com\/en\/u\/cellbooster-hair\/","title":{"rendered":"Cellbooster Hair"},"content":{"rendered":"","protected":false},"excerpt":{"rendered":"<h6><em><strong>Hyaluronik Asit G\u00fc\u00e7lendirme Kompleksi<\/strong><\/em><\/h6>\n<p>Sa\u00e7 k\u00f6klerini kuvvetlendirme, sa\u00e7 b\u00fcy\u00fcmesini ve k\u0131lcal damar kan dola\u015f\u0131m\u0131n\u0131 iyile\u015ftirmek i\u00e7in tasarlanm\u0131\u015ft\u0131r. Kafa derisi yap\u0131s\u0131n\u0131 onar\u0131r ve sa\u00e7 tellerini yeniden yap\u0131land\u0131r\u0131r. Sa\u00e7 uzamas\u0131n\u0131n h\u0131zland\u0131r\u0131r. Kafa derisinin beslenmesi\u00a0ve sa\u00e7 k\u00f6klerinin kuvvetlendirilmesine yard\u0131mc\u0131 olur. Sa\u00e7 kayb\u0131n\u0131 ve beyazlamay\u0131 \u00f6nler.<\/p>\n<h5>Cellbooster Hair \u0130\u00e7erikler:<\/h5>\n<ul>\n<li>Hyaluronik Asit (18 mg)<\/li>\n<li>Vitaminler: Niasin, Pantotenik Asit (B5), Pridoksin (B6),\u00a0Biyotin (B7), Siyanokobalamin (B12), Rutin (P Vitamini)<\/li>\n<li>Amino Asitler:\u00a0Arjinin, Sistein, Glutamin, Glisin, Lizin<\/li>\n<\/ul>\n<p><strong><em>Endikasyonlar:<\/em><\/strong><\/p>\n<ul>\n<li>Sikatrisiyal olmayan alopesi<\/li>\n<li>Alopesiya areata<\/li>\n<li>Androjenik alopesi<\/li>\n<li>Zarar g\u00f6rm\u00fc\u015f sa\u00e7 teli g\u00f6vdesi (k\u0131r\u0131lgan, mat renk, sa\u00e7 k\u0131r\u0131klar\u0131)<\/li>\n<li>Erken beyazlama<\/li>\n<li>A\u015f\u0131r\u0131 ya\u011f salg\u0131lama<\/li>\n<\/ul>\n","protected":false},"featured_media":8537,"comment_status":"open","ping_status":"closed","template":"","meta":[],"product_cat":[73,130,92,120],"product_tag":[],"class_list":{"0":"post-8536","1":"product","2":"type-product","3":"status-publish","4":"has-post-thumbnail","6":"product_cat-profesyonel","7":"product_cat-suisselle-urunler","8":"product_cat-suisselle","9":"product_cat-urunler","11":"first","12":"instock","13":"shipping-taxable","14":"product-type-simple"},"_links":{"self":[{"href":"https:\/\/neomedipharma.com\/en\/wp-json\/wp\/v2\/product\/8536","targetHints":{"allow":["GET"]}}],"collection":[{"href":"https:\/\/neomedipharma.com\/en\/wp-json\/wp\/v2\/product"}],"about":[{"href":"https:\/\/neomedipharma.com\/en\/wp-json\/wp\/v2\/types\/product"}],"replies":[{"embeddable":true,"href":"https:\/\/neomedipharma.com\/en\/wp-json\/wp\/v2\/comments?post=8536"}],"version-history":[{"count":1,"href":"https:\/\/neomedipharma.com\/en\/wp-json\/wp\/v2\/product\/8536\/revisions"}],"predecessor-version":[{"id":8538,"href":"https:\/\/neomedipharma.com\/en\/wp-json\/wp\/v2\/product\/8536\/revisions\/8538"}],"wp:featuredmedia":[{"embeddable":true,"href":"https:\/\/neomedipharma.com\/en\/wp-json\/wp\/v2\/media\/8537"}],"wp:attachment":[{"href":"https:\/\/neomedipharma.com\/en\/wp-json\/wp\/v2\/media?parent=8536"}],"wp:term":[{"taxonomy":"product_cat","embeddable":true,"href":"https:\/\/neomedipharma.com\/en\/wp-json\/wp\/v2\/product_cat?post=8536"},{"taxonomy":"product_tag","embeddable":true,"href":"https:\/\/neomedipharma.com\/en\/wp-json\/wp\/v2\/product_tag?post=8536"}],"curies":[{"name":"wp","href":"https:\/\/api.w.org\/{rel}","templated":true}]}}