{"id":8532,"date":"2022-10-12T01:13:59","date_gmt":"2022-10-11T22:13:59","guid":{"rendered":"https:\/\/neomedipharma.com\/?post_type=product&#038;p=8532"},"modified":"2022-10-12T02:09:15","modified_gmt":"2022-10-11T23:09:15","slug":"cellbooster-lift","status":"publish","type":"product","link":"https:\/\/neomedipharma.com\/en\/u\/cellbooster-lift\/","title":{"rendered":"Cellbooster Lift"},"content":{"rendered":"","protected":false},"excerpt":{"rendered":"<h6><strong><em>Hyaluronik Asit Gen\u00e7le\u015ftirme Kompleksi<\/em><\/strong><\/h6>\n<p>Ya\u015flanma etkilerini azaltma,\u00a0yumu\u015fak dokular\u0131 doldurma, oksidatif stresi \u00f6nleme ve derin hidrasyon sa\u011flama. Kolajen \u00fcretimini uyar\u0131r, k\u0131lcal damar kan dola\u015f\u0131m\u0131n\u0131 ve h\u00fccre beslenmesini iyile\u015ftirir. Cildin yeniden s\u0131k\u0131la\u015ft\u0131r\u0131lmas\u0131na, k\u0131r\u0131\u015f\u0131kl\u0131klar\u0131n gerilmesi ve d\u00fczle\u015ftirilmesine, cilt renginin iyile\u015ftirilmesine yard\u0131mc\u0131 olur.<\/p>\n<h5>Cellbooster Lift \u0130\u00e7erikler:<\/h5>\n<ul>\n<li>Hyaluronik Asit (18 mg)<\/li>\n<li>Vitaminler: Riboflavin (B2), Sodyum Askorbil Fosfat (C), Tokoferol (E), Biyotin<\/li>\n<li>Amino Asitler:\u00a0Arjinin, Glisin, Lizin, Prolin, Valin<\/li>\n<\/ul>\n<p><strong><em>Endikasyonlar:<\/em><\/strong><\/p>\n<ul>\n<li>Y\u00fcz dokusunda ve kont\u00fcrlerinde s\u0131k\u0131l\u0131k kayb\u0131<\/li>\n<li>Kurumu\u015f cilt<\/li>\n<li>K\u0131r\u0131\u015f\u0131kl\u0131klar<\/li>\n<li>Cilt gev\u015fekli\u011fi<\/li>\n<li>Cilt rengi ve elastikli\u011finin kayb\u0131<\/li>\n<li>Kuperoz<\/li>\n<\/ul>\n","protected":false},"featured_media":8533,"comment_status":"open","ping_status":"closed","template":"","meta":[],"product_cat":[73,130,92,120],"product_tag":[],"class_list":{"0":"post-8532","1":"product","2":"type-product","3":"status-publish","4":"has-post-thumbnail","6":"product_cat-profesyonel","7":"product_cat-suisselle-urunler","8":"product_cat-suisselle","9":"product_cat-urunler","11":"first","12":"instock","13":"shipping-taxable","14":"product-type-simple"},"_links":{"self":[{"href":"https:\/\/neomedipharma.com\/en\/wp-json\/wp\/v2\/product\/8532","targetHints":{"allow":["GET"]}}],"collection":[{"href":"https:\/\/neomedipharma.com\/en\/wp-json\/wp\/v2\/product"}],"about":[{"href":"https:\/\/neomedipharma.com\/en\/wp-json\/wp\/v2\/types\/product"}],"replies":[{"embeddable":true,"href":"https:\/\/neomedipharma.com\/en\/wp-json\/wp\/v2\/comments?post=8532"}],"version-history":[{"count":2,"href":"https:\/\/neomedipharma.com\/en\/wp-json\/wp\/v2\/product\/8532\/revisions"}],"predecessor-version":[{"id":8535,"href":"https:\/\/neomedipharma.com\/en\/wp-json\/wp\/v2\/product\/8532\/revisions\/8535"}],"wp:featuredmedia":[{"embeddable":true,"href":"https:\/\/neomedipharma.com\/en\/wp-json\/wp\/v2\/media\/8533"}],"wp:attachment":[{"href":"https:\/\/neomedipharma.com\/en\/wp-json\/wp\/v2\/media?parent=8532"}],"wp:term":[{"taxonomy":"product_cat","embeddable":true,"href":"https:\/\/neomedipharma.com\/en\/wp-json\/wp\/v2\/product_cat?post=8532"},{"taxonomy":"product_tag","embeddable":true,"href":"https:\/\/neomedipharma.com\/en\/wp-json\/wp\/v2\/product_tag?post=8532"}],"curies":[{"name":"wp","href":"https:\/\/api.w.org\/{rel}","templated":true}]}}